{"id":1271,"date":"2023-08-30T13:21:25","date_gmt":"2023-08-30T11:21:25","guid":{"rendered":"https:\/\/naszlas.org\/?page_id=1271"},"modified":"2023-10-24T10:46:29","modified_gmt":"2023-10-24T08:46:29","slug":"adopteer-een-wild-bos","status":"publish","type":"page","link":"https:\/\/naszlas.org\/nl\/adopteer-een-wild-bos\/","title":{"rendered":"Adopteer een wild bos"},"content":{"rendered":"<style>.kb-row-layout-id1271_7418b6-18 > .kt-row-column-wrap{align-content:center;}:where(.kb-row-layout-id1271_7418b6-18 > .kt-row-column-wrap) > .wp-block-kadence-column{justify-content:center;}.kb-row-layout-id1271_7418b6-18 > .kt-row-column-wrap{column-gap:var(--global-kb-gap-md, 2rem);row-gap:var(--global-kb-gap-md, 2rem);max-width:var( --global-content-width, 1290px );padding-left:var(--global-content-edge-padding);padding-right:var(--global-content-edge-padding);padding-top:25vh;padding-bottom:35vh;grid-template-columns:minmax(0, 1fr);}.kb-row-layout-id1271_7418b6-18{background-image:url('https:\/\/naszlas.org\/wp-content\/uploads\/2023\/08\/bialowieza.jpg');background-size:cover;background-position:50% 50%;background-attachment:scroll;background-repeat:no-repeat;}.kb-row-layout-id1271_7418b6-18 > .kt-row-layout-overlay{opacity:0.30;}@media all and (max-width: 1024px){.kb-row-layout-id1271_7418b6-18 > .kt-row-column-wrap{padding-top:15vh;padding-bottom:10vh;grid-template-columns:minmax(0, 1fr);}}@media all and (max-width: 767px){.kb-row-layout-id1271_7418b6-18 > .kt-row-column-wrap{grid-template-columns:minmax(0, 1fr);}}<\/style><div class=\"kb-row-layout-wrap kb-row-layout-id1271_7418b6-18 alignfull kt-row-has-bg wp360-mainrow wp-block-kadence-rowlayout\"><div class=\"kt-row-column-wrap kt-has-1-columns kt-row-layout-equal kt-tab-layout-inherit kt-mobile-layout-row kt-row-valign-middle kb-theme-content-width\">\n<style>.kadence-column1271_20e58d-9b > .kt-inside-inner-col,.kadence-column1271_20e58d-9b > .kt-inside-inner-col:before{border-top-left-radius:0px;border-top-right-radius:0px;border-bottom-right-radius:0px;border-bottom-left-radius:0px;}.kadence-column1271_20e58d-9b > .kt-inside-inner-col:before{opacity:0.3;}.kadence-column1271_20e58d-9b{position:relative;}<\/style>\n<div class=\"wp-block-kadence-column kadence-column1271_20e58d-9b inner-column-1\"><div class=\"kt-inside-inner-col\"><style>.kadence-column1271_f0cf31-25 > .kt-inside-inner-col,.kadence-column1271_f0cf31-25 > .kt-inside-inner-col:before{border-top-left-radius:0px;border-top-right-radius:0px;border-bottom-right-radius:0px;border-bottom-left-radius:0px;}.kadence-column1271_f0cf31-25 > .kt-inside-inner-col:before{opacity:0.3;}.kadence-column1271_f0cf31-25{position:relative;}<\/style>\n<div class=\"wp-block-kadence-column kadence-column1271_f0cf31-25 inner-column-1\"><div class=\"kt-inside-inner-col\"><style>.wp-block-kadence-advancedheading.kt-adv-heading1271_4137a3-38, .wp-block-kadence-advancedheading.kt-adv-heading1271_4137a3-38[data-kb-block=\"kb-adv-heading1271_4137a3-38\"]{text-align:center;font-style:normal;}.wp-block-kadence-advancedheading.kt-adv-heading1271_4137a3-38 mark, .wp-block-kadence-advancedheading.kt-adv-heading1271_4137a3-38[data-kb-block=\"kb-adv-heading1271_4137a3-38\"] mark{font-style:normal;color:#f76a0c;padding-top:0px;padding-right:0px;padding-bottom:0px;padding-left:0px;}<\/style>\n<h1 class=\"kt-adv-heading1271_4137a3-38 wp-block-kadence-advancedheading has-theme-palette-9-color has-text-color\" data-kb-block=\"kb-adv-heading1271_4137a3-38\">Adopteer een wild bos<\/h1>\n\n\n<style>.wp-block-kadence-advancedheading.kt-adv-heading1271_93ea71-0e, .wp-block-kadence-advancedheading.kt-adv-heading1271_93ea71-0e[data-kb-block=\"kb-adv-heading1271_93ea71-0e\"]{text-align:center;font-size:25px;font-style:normal;text-transform:uppercase;letter-spacing:6px;}.wp-block-kadence-advancedheading.kt-adv-heading1271_93ea71-0e mark, .wp-block-kadence-advancedheading.kt-adv-heading1271_93ea71-0e[data-kb-block=\"kb-adv-heading1271_93ea71-0e\"] mark{font-style:normal;color:#f76a0c;padding-top:0px;padding-right:0px;padding-bottom:0px;padding-left:0px;}@media all and (max-width: 1024px){.wp-block-kadence-advancedheading.kt-adv-heading1271_93ea71-0e, .wp-block-kadence-advancedheading.kt-adv-heading1271_93ea71-0e[data-kb-block=\"kb-adv-heading1271_93ea71-0e\"]{font-size:20px;}}<\/style>\n<p class=\"kt-adv-heading1271_93ea71-0e wp-block-kadence-advancedheading has-theme-palette-9-color has-text-color\" data-kb-block=\"kb-adv-heading1271_93ea71-0e\">en zorg ervoor dat het wild blijft!<\/p>\n<\/div><\/div>\n<\/div><\/div>\n\n<\/div><\/div>\n\n<style>.kb-row-layout-id1271_cbd043-7d > .kt-row-column-wrap{align-content:center;}:where(.kb-row-layout-id1271_cbd043-7d > .kt-row-column-wrap) > .wp-block-kadence-column{justify-content:center;}.kb-row-layout-id1271_cbd043-7d > .kt-row-column-wrap{column-gap:var(--global-kb-gap-lg, 4rem);row-gap:var(--global-kb-gap-md, 2rem);max-width:var( --global-content-width, 1290px );padding-left:var(--global-content-edge-padding);padding-right:var(--global-content-edge-padding);padding-top:80px;padding-bottom:80px;grid-template-columns:minmax(0, 1fr);}.kb-row-layout-id1271_cbd043-7d > .kt-row-layout-overlay{opacity:0.30;}@media all and (max-width: 1024px){.kb-row-layout-id1271_cbd043-7d > .kt-row-column-wrap{padding-bottom:0px;grid-template-columns:minmax(0, 1fr);}}@media all and (max-width: 767px){.kb-row-layout-id1271_cbd043-7d > .kt-row-column-wrap{grid-template-columns:minmax(0, 1fr);}}<\/style><div class=\"kb-row-layout-wrap kb-row-layout-id1271_cbd043-7d alignfull wp-block-kadence-rowlayout\"><div class=\"kt-row-column-wrap kt-has-1-columns kt-row-layout-equal kt-tab-layout-inherit kt-mobile-layout-row kt-row-valign-middle kb-theme-content-width\">\n<style>.kadence-column1271_cd93ed-34 > .kt-inside-inner-col,.kadence-column1271_cd93ed-34 > .kt-inside-inner-col:before{border-top-left-radius:0px;border-top-right-radius:0px;border-bottom-right-radius:0px;border-bottom-left-radius:0px;}.kadence-column1271_cd93ed-34 > .kt-inside-inner-col:before{opacity:0.3;}.kadence-column1271_cd93ed-34{position:relative;}<\/style>\n<div class=\"wp-block-kadence-column kadence-column1271_cd93ed-34 inner-column-1\"><div class=\"kt-inside-inner-col\"><style>.wp-block-kadence-advancedheading.kt-adv-heading1271_6156bf-ba, .wp-block-kadence-advancedheading.kt-adv-heading1271_6156bf-ba[data-kb-block=\"kb-adv-heading1271_6156bf-ba\"]{font-style:normal;}.wp-block-kadence-advancedheading.kt-adv-heading1271_6156bf-ba mark, .wp-block-kadence-advancedheading.kt-adv-heading1271_6156bf-ba[data-kb-block=\"kb-adv-heading1271_6156bf-ba\"] mark{font-style:normal;color:#f76a0c;padding-top:0px;padding-right:0px;padding-bottom:0px;padding-left:0px;}<\/style>\n<h2 class=\"kt-adv-heading1271_6156bf-ba wp-block-kadence-advancedheading\" data-kb-block=\"kb-adv-heading1271_6156bf-ba\">Adopteer nu!<\/h2>\n\n\n\n<p>Help ons de mooiste en vreedzaamste revolutie te starten en werk samen met ons aan het cre\u00ebren van natuurlijke bossen die op een dag een kopie kunnen worden van oerbossen. Zo&#8217;n bos is een uitgebalanceerde plek voor andere soorten planten en dieren.<\/p>\n\n\n\n<p>Met jouw donatie zorgen we voor de <strong>bescherming en conservatie van een bestaand wild bos<\/strong> in het Woud van Bia\u0142owie\u017ca. Hoe meer bos we kunnen beschermen en conserveren, des te beter het oerbos van Bia\u0142owie\u017ca beschermd is tegen invloeden van buitenaf! Bij elke donatie ontvang je een <strong>persoonlijk certificaat<\/strong> voor je beschermd gebied en de geschatte waarde van opgeslagen CO2.<\/p>\n<\/div><\/div>\n\n<\/div><\/div>\n\n<style>.kadence-column1271_277817-7e > .kt-inside-inner-col,.kadence-column1271_277817-7e > .kt-inside-inner-col:before{border-top-left-radius:0px;border-top-right-radius:0px;border-bottom-right-radius:0px;border-bottom-left-radius:0px;}.kadence-column1271_277817-7e > .kt-inside-inner-col:before{opacity:0.3;}.kadence-column1271_277817-7e{position:relative;}<\/style>\n<div class=\"wp-block-kadence-column kadence-column1271_277817-7e\"><div class=\"kt-inside-inner-col\">\n<div class=\"wp-block-columns is-layout-flex wp-container-core-columns-is-layout-9d6595d7 wp-block-columns-is-layout-flex\">\n<div class=\"wp-block-column is-layout-flow wp-block-column-is-layout-flow\"><\/div>\n\n\n\n<div class=\"wp-block-column is-layout-flow wp-block-column-is-layout-flow\">\n<script src=\"https:\/\/donorbox.org\/widget.js\" paypalExpress=\"false\"><\/script><iframe loading=\"lazy\" src=\"https:\/\/donorbox.org\/embed\/fundacja-nasz-las-protect-the-primeval-forest-of-bialowieza\" name=\"donorbox\" allowpaymentrequest=\"allowpaymentrequest\" seamless=\"seamless\" frameborder=\"0\" scrolling=\"no\" height=\"900px\" width=\"100%\" style=\"max-width: 500px; min-width: 250px; max-height:none!important\"><\/iframe>\n<\/div>\n\n\n\n<div class=\"wp-block-column is-layout-flow wp-block-column-is-layout-flow\"><\/div>\n<\/div>\n<\/div><\/div>\n","protected":false},"excerpt":{"rendered":"<p>Adopteer een wild bos en zorg ervoor dat het wild blijft! Adopteer nu! Help ons de mooiste en vreedzaamste revolutie te starten en werk samen met ons aan het cre\u00ebren van natuurlijke bossen die op een dag een kopie kunnen worden van oerbossen. Zo&#8217;n bos is een uitgebalanceerde plek voor andere soorten planten en dieren&#8230;.<\/p>\n","protected":false},"author":3,"featured_media":0,"parent":0,"menu_order":0,"comment_status":"closed","ping_status":"closed","template":"","meta":{"_kad_blocks_custom_css":"","_kad_blocks_head_custom_js":"","_kad_blocks_body_custom_js":"","_kad_blocks_footer_custom_js":"","_kad_post_transparent":"","_kad_post_title":"","_kad_post_layout":"","_kad_post_sidebar_id":"","_kad_post_content_style":"","_kad_post_vertical_padding":"","_kad_post_feature":"","_kad_post_feature_position":"","_kad_post_header":false,"_kad_post_footer":false,"footnotes":""},"class_list":["post-1271","page","type-page","status-publish","hentry"],"acf":[],"yoast_head":"<!-- This site is optimized with the Yoast SEO plugin v21.5 - https:\/\/yoast.com\/wordpress\/plugins\/seo\/ -->\n<title>Adopteer een wild bos - naszlas.org<\/title>\n<meta name=\"description\" content=\"Adopteer een wild bos naszlas.org\" \/>\n<meta name=\"robots\" content=\"index, follow, max-snippet:-1, max-image-preview:large, max-video-preview:-1\" \/>\n<link rel=\"canonical\" href=\"https:\/\/naszlas.org\/nl\/adopteer-een-wild-bos\/\" \/>\n<meta property=\"og:locale\" content=\"nl_NL\" \/>\n<meta property=\"og:type\" content=\"article\" \/>\n<meta property=\"og:title\" content=\"Adopteer een wild bos - naszlas.org\" \/>\n<meta property=\"og:description\" content=\"Adopteer een wild bos naszlas.org\" \/>\n<meta property=\"og:url\" content=\"https:\/\/naszlas.org\/nl\/adopteer-een-wild-bos\/\" \/>\n<meta property=\"og:site_name\" content=\"naszlas.org\" \/>\n<meta property=\"article:modified_time\" content=\"2023-10-24T08:46:29+00:00\" \/>\n<meta name=\"twitter:card\" content=\"summary_large_image\" \/>\n<meta name=\"twitter:label1\" content=\"Geschatte leestijd\" \/>\n\t<meta name=\"twitter:data1\" content=\"1 minuut\" \/>\n<script type=\"application\/ld+json\" class=\"yoast-schema-graph\">{\"@context\":\"https:\/\/schema.org\",\"@graph\":[{\"@type\":\"WebPage\",\"@id\":\"https:\/\/naszlas.org\/nl\/adopteer-een-wild-bos\/\",\"url\":\"https:\/\/naszlas.org\/nl\/adopteer-een-wild-bos\/\",\"name\":\"Adopteer een wild bos - naszlas.org\",\"isPartOf\":{\"@id\":\"https:\/\/naszlas.org\/nl\/#website\"},\"datePublished\":\"2023-08-30T11:21:25+00:00\",\"dateModified\":\"2023-10-24T08:46:29+00:00\",\"description\":\"Adopteer een wild bos naszlas.org\",\"breadcrumb\":{\"@id\":\"https:\/\/naszlas.org\/nl\/adopteer-een-wild-bos\/#breadcrumb\"},\"inLanguage\":\"nl-NL\",\"potentialAction\":[{\"@type\":\"ReadAction\",\"target\":[\"https:\/\/naszlas.org\/nl\/adopteer-een-wild-bos\/\"]}]},{\"@type\":\"BreadcrumbList\",\"@id\":\"https:\/\/naszlas.org\/nl\/adopteer-een-wild-bos\/#breadcrumb\",\"itemListElement\":[{\"@type\":\"ListItem\",\"position\":1,\"name\":\"Home\",\"item\":\"https:\/\/naszlas.org\/nl\/\"},{\"@type\":\"ListItem\",\"position\":2,\"name\":\"Adopteer een wild bos\"}]},{\"@type\":\"WebSite\",\"@id\":\"https:\/\/naszlas.org\/nl\/#website\",\"url\":\"https:\/\/naszlas.org\/nl\/\",\"name\":\"naszlas.org\",\"description\":\"\",\"publisher\":{\"@id\":\"https:\/\/naszlas.org\/nl\/#organization\"},\"potentialAction\":[{\"@type\":\"SearchAction\",\"target\":{\"@type\":\"EntryPoint\",\"urlTemplate\":\"https:\/\/naszlas.org\/nl\/?s={search_term_string}\"},\"query-input\":\"required name=search_term_string\"}],\"inLanguage\":\"nl-NL\"},{\"@type\":\"Organization\",\"@id\":\"https:\/\/naszlas.org\/nl\/#organization\",\"name\":\"naszlas.org\",\"url\":\"https:\/\/naszlas.org\/nl\/\",\"logo\":{\"@type\":\"ImageObject\",\"inLanguage\":\"nl-NL\",\"@id\":\"https:\/\/naszlas.org\/nl\/#\/schema\/logo\/image\/\",\"url\":\"https:\/\/naszlas.org\/wp-content\/uploads\/2023\/02\/logo.png\",\"contentUrl\":\"https:\/\/naszlas.org\/wp-content\/uploads\/2023\/02\/logo.png\",\"width\":77,\"height\":76,\"caption\":\"naszlas.org\"},\"image\":{\"@id\":\"https:\/\/naszlas.org\/nl\/#\/schema\/logo\/image\/\"}}]}<\/script>\n<!-- \/ Yoast SEO plugin. -->","yoast_head_json":{"title":"Adopteer een wild bos - naszlas.org","description":"Adopteer een wild bos naszlas.org","robots":{"index":"index","follow":"follow","max-snippet":"max-snippet:-1","max-image-preview":"max-image-preview:large","max-video-preview":"max-video-preview:-1"},"canonical":"https:\/\/naszlas.org\/nl\/adopteer-een-wild-bos\/","og_locale":"nl_NL","og_type":"article","og_title":"Adopteer een wild bos - naszlas.org","og_description":"Adopteer een wild bos naszlas.org","og_url":"https:\/\/naszlas.org\/nl\/adopteer-een-wild-bos\/","og_site_name":"naszlas.org","article_modified_time":"2023-10-24T08:46:29+00:00","twitter_card":"summary_large_image","twitter_misc":{"Geschatte leestijd":"1 minuut"},"schema":{"@context":"https:\/\/schema.org","@graph":[{"@type":"WebPage","@id":"https:\/\/naszlas.org\/nl\/adopteer-een-wild-bos\/","url":"https:\/\/naszlas.org\/nl\/adopteer-een-wild-bos\/","name":"Adopteer een wild bos - naszlas.org","isPartOf":{"@id":"https:\/\/naszlas.org\/nl\/#website"},"datePublished":"2023-08-30T11:21:25+00:00","dateModified":"2023-10-24T08:46:29+00:00","description":"Adopteer een wild bos naszlas.org","breadcrumb":{"@id":"https:\/\/naszlas.org\/nl\/adopteer-een-wild-bos\/#breadcrumb"},"inLanguage":"nl-NL","potentialAction":[{"@type":"ReadAction","target":["https:\/\/naszlas.org\/nl\/adopteer-een-wild-bos\/"]}]},{"@type":"BreadcrumbList","@id":"https:\/\/naszlas.org\/nl\/adopteer-een-wild-bos\/#breadcrumb","itemListElement":[{"@type":"ListItem","position":1,"name":"Home","item":"https:\/\/naszlas.org\/nl\/"},{"@type":"ListItem","position":2,"name":"Adopteer een wild bos"}]},{"@type":"WebSite","@id":"https:\/\/naszlas.org\/nl\/#website","url":"https:\/\/naszlas.org\/nl\/","name":"naszlas.org","description":"","publisher":{"@id":"https:\/\/naszlas.org\/nl\/#organization"},"potentialAction":[{"@type":"SearchAction","target":{"@type":"EntryPoint","urlTemplate":"https:\/\/naszlas.org\/nl\/?s={search_term_string}"},"query-input":"required name=search_term_string"}],"inLanguage":"nl-NL"},{"@type":"Organization","@id":"https:\/\/naszlas.org\/nl\/#organization","name":"naszlas.org","url":"https:\/\/naszlas.org\/nl\/","logo":{"@type":"ImageObject","inLanguage":"nl-NL","@id":"https:\/\/naszlas.org\/nl\/#\/schema\/logo\/image\/","url":"https:\/\/naszlas.org\/wp-content\/uploads\/2023\/02\/logo.png","contentUrl":"https:\/\/naszlas.org\/wp-content\/uploads\/2023\/02\/logo.png","width":77,"height":76,"caption":"naszlas.org"},"image":{"@id":"https:\/\/naszlas.org\/nl\/#\/schema\/logo\/image\/"}}]}},"taxonomy_info":[],"featured_image_src_large":false,"author_info":{"display_name":"Anna","author_link":"https:\/\/naszlas.org\/nl\/author\/anna\/"},"comment_info":0,"_links":{"self":[{"href":"https:\/\/naszlas.org\/nl\/wp-json\/wp\/v2\/pages\/1271","targetHints":{"allow":["GET"]}}],"collection":[{"href":"https:\/\/naszlas.org\/nl\/wp-json\/wp\/v2\/pages"}],"about":[{"href":"https:\/\/naszlas.org\/nl\/wp-json\/wp\/v2\/types\/page"}],"author":[{"embeddable":true,"href":"https:\/\/naszlas.org\/nl\/wp-json\/wp\/v2\/users\/3"}],"replies":[{"embeddable":true,"href":"https:\/\/naszlas.org\/nl\/wp-json\/wp\/v2\/comments?post=1271"}],"version-history":[{"count":8,"href":"https:\/\/naszlas.org\/nl\/wp-json\/wp\/v2\/pages\/1271\/revisions"}],"predecessor-version":[{"id":1344,"href":"https:\/\/naszlas.org\/nl\/wp-json\/wp\/v2\/pages\/1271\/revisions\/1344"}],"wp:attachment":[{"href":"https:\/\/naszlas.org\/nl\/wp-json\/wp\/v2\/media?parent=1271"}],"curies":[{"name":"wp","href":"https:\/\/api.w.org\/{rel}","templated":true}]}}