{"id":1051,"date":"2023-06-13T13:54:30","date_gmt":"2023-06-13T11:54:30","guid":{"rendered":"https:\/\/naszlas.org\/statut\/"},"modified":"2023-06-27T11:06:23","modified_gmt":"2023-06-27T09:06:23","slug":"statuut","status":"publish","type":"page","link":"https:\/\/naszlas.org\/nl\/statuut\/","title":{"rendered":"Statuut"},"content":{"rendered":"<style>.kb-row-layout-id_103002-39 > .kt-row-column-wrap{align-content:start;}:where(.kb-row-layout-id_103002-39 > .kt-row-column-wrap) > .wp-block-kadence-column{justify-content:start;}.kb-row-layout-id_103002-39 > .kt-row-column-wrap{column-gap:var(--global-kb-gap-md, 2rem);row-gap:var(--global-kb-gap-md, 2rem);max-width:var( --global-content-width, 1290px );padding-left:var(--global-content-edge-padding);padding-right:var(--global-content-edge-padding);padding-top:var(--global-kb-spacing-sm, 1.5rem);padding-bottom:var(--global-kb-spacing-sm, 1.5rem);grid-template-columns:minmax(0, 1fr);}.kb-row-layout-id_103002-39 > .kt-row-layout-overlay{opacity:0.30;}@media all and (max-width: 1024px){.kb-row-layout-id_103002-39 > .kt-row-column-wrap{grid-template-columns:minmax(0, 1fr);}}@media all and (max-width: 767px){.kb-row-layout-id_103002-39 > .kt-row-column-wrap{grid-template-columns:minmax(0, 1fr);}}<\/style><div class=\"kb-row-layout-wrap kb-row-layout-id_103002-39 alignfull has-theme-palette8-background-color kt-row-has-bg wp-block-kadence-rowlayout\"><div class=\"kt-row-column-wrap kt-has-1-columns kt-row-layout-equal kt-tab-layout-inherit kt-mobile-layout-row kt-row-valign-top kb-theme-content-width\">\n<style>.kadence-column_95411b-09 > .kt-inside-inner-col,.kadence-column_95411b-09 > .kt-inside-inner-col:before{border-top-left-radius:0px;border-top-right-radius:0px;border-bottom-right-radius:0px;border-bottom-left-radius:0px;}.kadence-column_95411b-09 > .kt-inside-inner-col:before{opacity:0.3;}.kadence-column_95411b-09{position:relative;}<\/style>\n<div class=\"wp-block-kadence-column kadence-column_95411b-09\"><div class=\"kt-inside-inner-col\">\n<h1 class=\"wp-block-heading has-text-align-center has-large-font-size\">Statut Fundacji Nasz Las<\/h1>\n\n\n\n<p class=\"has-text-align-center\"><em>tekst jednolity z dnia 22 kwietnia 2022 r.<\/em><\/p>\n<\/div><\/div>\n\n<\/div><\/div>\n\n<style>.kb-row-layout-id_f06fc0-e4 > .kt-row-column-wrap{align-content:start;}:where(.kb-row-layout-id_f06fc0-e4 > .kt-row-column-wrap) > .wp-block-kadence-column{justify-content:start;}.kb-row-layout-id_f06fc0-e4 > .kt-row-column-wrap{column-gap:var(--global-kb-gap-md, 2rem);row-gap:var(--global-kb-gap-md, 2rem);max-width:var( --global-content-width, 1290px );padding-left:var(--global-content-edge-padding);padding-right:var(--global-content-edge-padding);padding-top:var(--global-kb-spacing-sm, 1.5rem);padding-bottom:var(--global-kb-spacing-sm, 1.5rem);grid-template-columns:minmax(0, 1fr);}.kb-row-layout-id_f06fc0-e4 > .kt-row-layout-overlay{opacity:0.30;}@media all and (max-width: 1024px){.kb-row-layout-id_f06fc0-e4 > .kt-row-column-wrap{grid-template-columns:minmax(0, 1fr);}}@media all and (max-width: 767px){.kb-row-layout-id_f06fc0-e4 > .kt-row-column-wrap{grid-template-columns:minmax(0, 1fr);}}<\/style><div class=\"kb-row-layout-wrap kb-row-layout-id_f06fc0-e4 alignfull wp-block-kadence-rowlayout\"><div class=\"kt-row-column-wrap kt-has-1-columns kt-row-layout-equal kt-tab-layout-inherit kt-mobile-layout-row kt-row-valign-top kb-theme-content-width\">\n<style>.kadence-column_99a798-b4 > .kt-inside-inner-col,.kadence-column_99a798-b4 > .kt-inside-inner-col:before{border-top-left-radius:0px;border-top-right-radius:0px;border-bottom-right-radius:0px;border-bottom-left-radius:0px;}.kadence-column_99a798-b4 > .kt-inside-inner-col:before{opacity:0.3;}.kadence-column_99a798-b4{position:relative;}<\/style>\n<div class=\"wp-block-kadence-column kadence-column_99a798-b4\"><div class=\"kt-inside-inner-col\">\n<p class=\"has-text-align-center\"><strong>Postanowienia og\u00f3lne<\/strong><\/p>\n\n\n\n<ol class=\"wp-block-list\">\n<li>Fundacja Nasz Las (zwana dalej w statucie: Fundacj\u0105), ustanowiona zosta\u0142a przez fundator\u00f3w : Ann\u0119 Uszy\u0144sk\u0105 i Adrianus Johannes Josephus Petrus Klijn aktem notarialnym sporz\u0105dzonym w dniu 1 8 marca 2022 r. w Warszawie.<\/li>\n\n\n\n<li>Niniejszy statut jest zwany dalej statutem.<\/li>\n\n\n\n<li>Fundacja posiada osobowo\u015b\u0107 prawn\u0105.<\/li>\n\n\n\n<li>Czas trwania Fundacji jest nieoznaczony.<\/li>\n\n\n\n<li>Siedzib\u0105 Fundacji jest Ciechanowiec.<\/li>\n\n\n\n<li>Fundacja dzia\u0142a na obszarze Rzeczypospolitej Polskiej i poza jej granicami.<\/li>\n\n\n\n<li>Fundacja mo\u017ce tworzy\u0107 oddzia\u0142y oraz inne jednostki organizacyjne w kraju i za granic\u0105, zgodnie z odpowiednimi przepisami prawa polskiego lub pa\u0144stwa trzeciego.<\/li>\n\n\n\n<li>Celami Fundacji s\u0105:\n<ul class=\"wp-block-list\">\n<li> dzia\u0142alno\u015b\u0107 charytatywna,<\/li>\n\n\n\n<li>ochrona i promocja zdrowia,<\/li>\n\n\n\n<li>nauka, edukacja, o\u015bwiata i wychowanie,<\/li>\n\n\n\n<li>ekologia i ochrona zwierz\u0105t oraz ochrona dziedzictwa przyrodniczego,<\/li>\n\n\n\n<li>przeciwdzia\u0142anie patologiom spo\u0142ecznym,<\/li>\n\n\n\n<li>promocja i organizacja wolontariatu.<\/li>\n<\/ul>\n<\/li>\n\n\n\n<li>Fundacja realizuje cele poprzez:\n<ul class=\"wp-block-list\">\n<li>zapobieganie zmianom klimatycznym i wymieraniu gatunk\u00f3w przez: \n<ul class=\"wp-block-list\">\n<li>sadzenie drzew,<\/li>\n\n\n\n<li>wspieranie bior\u00f3\u017cnorodno\u015bci,<\/li>\n\n\n\n<li>edukacj\u0119 ekologiczn\u0105, spo\u0142eczn\u0105, wspieranie i propagowanie bada\u0144 naukowych w zakresie obj\u0119tym celami statutowymi,<\/li>\n<\/ul>\n<\/li>\n\n\n\n<li>sadzenie las\u00f3w i utrzymywanie ich w stanie naturalnym w celu przeciwdzia\u0142ania zmianom klimatycznym;<\/li>\n\n\n\n<li>realizacj\u0119 przedsi\u0119wzi\u0119\u0107 w zakresie ekologii, ochrony \u015brodowiska i zr\u00f3wnowa\u017conego rozwoju;<\/li>\n\n\n\n<li>wspieranie lokalnych spo\u0142eczno\u015bci w zalesianiu okolic;<\/li>\n\n\n\n<li>wdra\u017canie nowych rozwi\u0105za\u0144 maj\u0105cych na celu przywr\u00f3cenie warunk\u00f3w naturalnych w przyrodzie;<\/li>\n\n\n\n<li>organizowanie i prowadzenie dzia\u0142alno\u015bci edukacyjnej w zakresie obj\u0119tej celami statutowymi;&#8212;&#8212;<\/li>\n\n\n\n<li>wsp\u00f3\u0142prac\u0119 z w\u0142adzami pa\u0144stwowymi, samorz\u0105dowymi, organizacjami pozarz\u0105dowymi (krajowymi i zagranicznymi) dzia\u0142aj\u0105cymi w zakresie ochrony przyrody, ekologii i ochrony zwierz\u0105t w zakresie obj\u0119tym celami statutowymi Fundacji, w szczeg\u00f3lno\u015bci w celu osi\u0105gni\u0119cia w Polsce zerowej emisji dwutlenku w\u0119gla;<\/li>\n\n\n\n<li>wsp\u00f3\u0142prac\u0119 z przedsi\u0119biorcami krajowymi i zagranicznymi w zakresie obj\u0119tym celami statutowymi Fundacji, w szczeg\u00f3lno\u015bci w celu osi\u0105gni\u0119cia w Polsce zerowej emisji dwutlenku w\u0119gla;<\/li>\n\n\n\n<li>podejmowanie dzia\u0142a\u0144 w celu ochrony puszczy bia\u0142owieskiej;<\/li>\n\n\n\n<li>prowadzenie doradztwa prawnego, finansowego i organizacyjnego zwi\u0105zanego z ekologi\u0105, ochron\u0105 \u015brodowiska i zr\u00f3wnowa\u017conym rozwojem;<\/li>\n\n\n\n<li>propagowanie wykorzystania nowoczesnych technologii i nowoczesnych metod sadzenia i utrzymywania las\u00f3w;<\/li>\n\n\n\n<li>finansowanie dzia\u0142a\u0144 i projekt\u00f3w zwi\u0105zanych z dzia\u0142alno\u015bci\u0105 po\u017cytku publicznego;<\/li>\n<\/ul>\n<\/li>\n\n\n\n<li>W celu realizacji cel\u00f3w statutowych Fundacja mo\u017ce wspiera\u0107 dzia\u0142alno\u015b\u0107 podmiot\u00f3w i os\u00f3b fizycznych realizuj\u0105cych cele zbie\u017cne z celami statutowymi Fundacji.<\/li>\n<\/ol>\n\n\n\n<p class=\"has-text-align-center\"><strong>Maj\u0105tek i dochody<\/strong><\/p>\n\n\n\n<ol class=\"wp-block-list\" start=\"1\">\n<li>Maj\u0105tek Fundacji stanowi fundusz za\u0142o\u017cycielski w kwocie z\u0142otych 20.000,[dwadzie\u015bcia tysi\u0119cy<\/li>\n\n\n\n<li>Dochody Fundacji pochodz\u0105 z:\n<ul class=\"wp-block-list\">\n<li>darowizn, spadk\u00f3w i zapis\u00f3w;<\/li>\n\n\n\n<li>odsetek bankowych;<\/li>\n\n\n\n<li>dochod\u00f3w ze zbi\u00f3rek w rozumieniu ustawy o zasadach prowadzenia zbi\u00f3rek publicznych;<\/li>\n\n\n\n<li>dotacji, subwencji i darowizn os\u00f3b prawnych oraz jednostek organizacyjnych nieposiadaj\u0105cych osobowo\u015bci prawnej;<\/li>\n\n\n\n<li>dochod\u00f3w z maj\u0105tku nieruchomego i ruchomego, praw maj\u0105tkowych,<\/li>\n\n\n\n<li>papier\u00f3w warto\u015bciowych lub nieb\u0119d\u0105cych papierami warto\u015bciowymi instrument\u00f3w finansowych, o kt\u00f3rych mowa w art. 2 ust. 1 pkt 2 lit. c ustawy z dnia 29 lipca 2005 r. o obrocie instrumentami finansowymi.<\/li>\n<\/ul>\n<\/li>\n\n\n\n<li>Dochody uzyskane przez Fundacj\u0119 przekazywane s\u0105 w ca\u0142o\u015bci na realizacj\u0119 cel\u00f3w statutowych.<\/li>\n\n\n\n<li>W przypadku powo\u0142ania Fundacji do dziedziczenia, Zarz\u0105d Fundacji sk\u0142ada o\u015bwiadczenie o przyj\u0119ciu spadku z dobrodziejstwem inwentarza, ale tylko w\u00f3wczas, gdy w chwili sk\u0142adania tego o\u015bwiadczenia jest oczywiste, \u017ce stan czynny spadku przewy\u017csza d\u0142ugi spadkowe.<\/li>\n<\/ol>\n\n\n\n<p class=\"has-text-align-center\"><strong>Organy Fundacji<\/strong><\/p>\n\n\n\n<ol class=\"wp-block-list\" start=\"1\">\n<li>Organem Fundacji jest Zarz\u0105d.<\/li>\n\n\n\n<li>Fundator mo\u017ce zosta\u0107 powo\u0142any do Zarz\u0105du Fundacji w przypadku z\u0142o\u017cenia stosownego o\u015bwiadczenia Zarz\u0105dowi Fundacji.<\/li>\n\n\n\n<li>Zarz\u0105d Fundacji sk\u0142ada si\u0119 z od dw\u00f3ch do sze\u015bciu cz\u0142onk\u00f3w.\n<ul class=\"wp-block-list\">\n<li>Cz\u0142onk\u00f3w Zarz\u0105du Fundacji powo\u0142uj\u0105, wskazuj\u0105c Prezesa Zarz\u0105du fundatorzy.<\/li>\n\n\n\n<li>uchylony.<\/li>\n\n\n\n<li>uchylony.<\/li>\n\n\n\n<li>Odwo\u0142ania cz\u0142onka Zarz\u0105du mog\u0105 dokona\u0107 pozostali cz\u0142onkowie Zarz\u0105du w drodze uchwa\u0142y.<\/li>\n<\/ul>\n<\/li>\n\n\n\n<li>Zarz\u0105d Fundacji jest powo\u0142ywany na pi\u0119cioletni\u0105 kadencj\u0119. W braku rezygnacji cz\u0142onka zarz\u0105du, jego \u015bmierci, odwo\u0142ania lub utraty zdolno\u015bci do czynno\u015bci prawnych kadencja cz\u0142onka Zarz\u0105du ulega automatycznemu przed\u0142u\u017ceniu.<\/li>\n\n\n\n<li>Cz\u0142onkami Zarz\u0105du Fundacji nie mog\u0105 by\u0107 osoby skazane prawomocnym wyrokiem za przest\u0119pstwo umy\u015blne \u015bcigane z oskar\u017cenia publicznego lub przest\u0119pstwa skarbowe.<\/li>\n\n\n\n<li>Zawieszenie w czynno\u015bciach cz\u0142onka Zarz\u0105du Fundacji mo\u017cliwe jest na pisemny wniosek cz\u0142onka Zarz\u0105du.<\/li>\n\n\n\n<li>Do czasu z\u0142o\u017cenia o\u015bwiadczenia o odwieszeniu przez zawieszonego cz\u0142onka Zarz\u0105du nie mo\u017ce on korzysta\u0107 ze swych statutowych i ustawowych kompetencji.<\/li>\n\n\n\n<li> Do kompetencji Zarz\u0105du nale\u017cy podejmowanie decyzji we wszystkich sprawach niezastrze\u017conych dla kompetencji fundatora.<\/li>\n\n\n\n<li>uchylony<\/li>\n\n\n\n<li>O\u015bwiadczenia woli w imieniu Fundacji sk\u0142ada samodzielnie ka\u017cdy z cz\u0142onk\u00f3w Zarz\u0105du.<\/li>\n\n\n\n<li> Zarz\u0105d Fundacji pracuje na posiedzeniach, kt\u00f3re odbywaj\u0105 si\u0119 w razie zaistnienia takiej potrzeby, nie rzadziej ni\u017c raz do roku.<\/li>\n\n\n\n<li>Posiedzenia zwo\u0142uje Cz\u0142onek Zarz\u0105du Fundacji, wysy\u0142aj\u0105c za po\u015brednictwem \u015brodk\u00f3w komunikacji elektronicznej zaproszenia, w kt\u00f3rych zawiadamia cz\u0142onk\u00f3w Zarz\u0105du o planowanym porz\u0105dku obrad Zarz\u0105du Fundacji. Posiedzenie mo\u017ce zosta\u0107 zwo\u0142ane na wniosek ka\u017cdego cz\u0142onka Zarz\u0105du Fundacji.<\/li>\n\n\n\n<li>W posiedzeniach Zarz\u0105du Fundacji mog\u0105 uczestniczy\u0107 pracownicy Fundacji lub inne osoby w celu z\u0142o\u017cenia lub udzielania wyja\u015bnie\u0144 co do zagadnie\u0144 b\u0119d\u0105cych przedmiotem posiedzenia.<\/li>\n\n\n\n<li>Z przebiegu posiedze\u0144 Zarz\u0105du Fundacji spisuje si\u0119 protoko\u0142y.<\/li>\n\n\n\n<li>Zarz\u0105d Fundacji podejmuje uchwa\u0142y, je\u017celi na posiedzeniu jest obecna co najmniej po\u0142owa cz\u0142onk\u00f3w, a wszyscy cz\u0142onkowie zostali powiadomieni o terminie i miejscu odbycia posiedzenia z co najmniej 3-dniowym wyprzedzeniem.<\/li>\n\n\n\n<li>O ile statut nie stanowi inaczej, Zarz\u0105d podejmuje uchwa\u0142y zwyk\u0142\u0105 wi\u0119kszo\u015bci\u0105 g\u0142os\u00f3w przy obecno\u015bci co najmniej po\u0142owy cz\u0142onk\u00f3w. W przypadku r\u00f3wnej liczby g\u0142os\u00f3w oddanych za i przeciw danej uchwale decyduje g\u0142os Prezesa Zarz\u0105du.<\/li>\n\n\n\n<li>Udzia\u0142 cz\u0142onka Zarz\u0105du w posiedzeniu jest mo\u017cliwy tak\u017ce za pomoc\u0105 \u015brodk\u00f3w porozumiewania si\u0119 na odleg\u0142o\u015b\u0107, a oddawanie g\u0142osu przez wykonanie stosownej adnotacji w protokole z posiedzenia.<\/li>\n\n\n\n<li>Uchwa\u0142y mog\u0105 by\u0107 podejmowane tak\u017ce poza posiedzeniem, w g\u0142osowaniu pisemnym (lub emailowym) w trybie tzw. obiegowym. Za dzie\u0144 podj\u0119cia uchwa\u0142y w trybie obiegowym uwa\u017ca si\u0119 dzie\u0144 w kt\u00f3rym do Prezesa Zarz\u0105du wp\u0142yn\u0119\u0142y stanowiska (drog\u0105 email) wszystkich cz\u0142onk\u00f3w Zarz\u0105du.<\/li>\n<\/ol>\n\n\n\n<p class=\"has-text-align-center\"><strong>Zmiana statutu i likwidacja Fundacji<\/strong><\/p>\n\n\n\n<ol class=\"wp-block-list\" start=\"1\">\n<li>Zmiana nazwy, statutu, cel\u00f3w Fundacji, ministra w\u0142a\u015bciwego ds. nadzoru nale\u017cy do Zarz\u0105du.<\/li>\n\n\n\n<li>Zmiana w zakresie okre\u015blonym w ust. 1 podejmowana jest przez Zarz\u0105d Fundacji w drodze jednomy\u015blnej uchwa\u0142y.<\/li>\n\n\n\n<li>Fundacja mo\u017ce po\u0142\u0105czy\u0107 si\u0119 z inn\u0105 fundacj\u0105 dla efektywnego realizowania swoich cel\u00f3w.<\/li>\n\n\n\n<li>W przypadku po\u0142\u0105czenia z inn\u0105 fundacj\u0105 Zarz\u0105d Fundacji:\n<ul class=\"wp-block-list\">\n<li>podejmuje uchwa\u0142\u0119 o wyborze fundacji przejmuj\u0105cej lub przejmowanej;<\/li>\n\n\n\n<li>podejmuje uchwa\u0142\u0119 wyra\u017caj\u0105c\u0105 zgod\u0119 na po\u0142\u0105czenie z inn\u0105 fundacj\u0105;<\/li>\n\n\n\n<li>podejmuje uchwa\u0142\u0119 okre\u015blaj\u0105c\u0105 czy Fundacja jest fundacj\u0105 przejmuj\u0105c\u0105 czy przejmowan\u0105;<\/li>\n\n\n\n<li>w przypadku gdy Fundacja Nasz Las ma by\u0107 fundacj\u0105 przejmowan\u0105 dokonuje wyboru przewodniego celu statutowego zbie\u017cnego z celami statutowymi innej fundacji kt\u00f3ry b\u0119dzie realizowany.<\/li>\n<\/ul>\n<\/li>\n\n\n\n<li>W sprawach okre\u015blonych w ust. 1 i 2 uchwa\u0142\u0119 podejmuje Zarz\u0105d w pe\u0142nym sk\u0142adzie w drodze jednomy\u015blnej uchwa\u0142y.<\/li>\n\n\n\n<li>Fundacja ulega likwidacji w razie wyczerpania si\u0119 \u015brodk\u00f3w finansowych.<\/li>\n\n\n\n<li>Likwidator\u00f3w Fundacji powo\u0142uje Zarz\u0105d.<\/li>\n\n\n\n<li>Decyzj\u0119 o likwidacji podejmuje Zarz\u0105d w pe\u0142nym sk\u0142adzie w drodze jednomy\u015blnej uchwa\u0142y.<\/li>\n<\/ol>\n<\/div><\/div>\n\n<\/div><\/div>","protected":false},"excerpt":{"rendered":"<p>Statut Fundacji Nasz Las tekst jednolity z dnia 22 kwietnia 2022 r. Postanowienia og\u00f3lne Maj\u0105tek i dochody Organy Fundacji Zmiana statutu i likwidacja Fundacji<\/p>\n","protected":false},"author":1,"featured_media":0,"parent":0,"menu_order":0,"comment_status":"closed","ping_status":"closed","template":"","meta":{"_kad_blocks_custom_css":"","_kad_blocks_head_custom_js":"","_kad_blocks_body_custom_js":"","_kad_blocks_footer_custom_js":"","_kad_post_transparent":"disable","_kad_post_title":"","_kad_post_layout":"","_kad_post_sidebar_id":"","_kad_post_content_style":"","_kad_post_vertical_padding":"","_kad_post_feature":"","_kad_post_feature_position":"","_kad_post_header":false,"_kad_post_footer":false,"footnotes":""},"class_list":["post-1051","page","type-page","status-publish","hentry"],"acf":[],"yoast_head":"<!-- This site is optimized with the Yoast SEO plugin v21.5 - https:\/\/yoast.com\/wordpress\/plugins\/seo\/ -->\n<title>Statuut - naszlas.org<\/title>\n<meta name=\"robots\" content=\"index, follow, max-snippet:-1, max-image-preview:large, max-video-preview:-1\" \/>\n<link rel=\"canonical\" href=\"https:\/\/naszlas.org\/nl\/statuut\/\" \/>\n<meta property=\"og:locale\" content=\"nl_NL\" \/>\n<meta property=\"og:type\" content=\"article\" \/>\n<meta property=\"og:title\" content=\"Statuut - naszlas.org\" \/>\n<meta property=\"og:description\" content=\"Statut Fundacji Nasz Las tekst jednolity z dnia 22 kwietnia 2022 r. Postanowienia og\u00f3lne Maj\u0105tek i dochody Organy Fundacji Zmiana statutu i likwidacja Fundacji\" \/>\n<meta property=\"og:url\" content=\"https:\/\/naszlas.org\/nl\/statuut\/\" \/>\n<meta property=\"og:site_name\" content=\"naszlas.org\" \/>\n<meta property=\"article:modified_time\" content=\"2023-06-27T09:06:23+00:00\" \/>\n<meta name=\"twitter:card\" content=\"summary_large_image\" \/>\n<meta name=\"twitter:label1\" content=\"Geschatte leestijd\" \/>\n\t<meta name=\"twitter:data1\" content=\"6 minuten\" \/>\n<script type=\"application\/ld+json\" class=\"yoast-schema-graph\">{\"@context\":\"https:\/\/schema.org\",\"@graph\":[{\"@type\":\"WebPage\",\"@id\":\"https:\/\/naszlas.org\/nl\/statuut\/\",\"url\":\"https:\/\/naszlas.org\/nl\/statuut\/\",\"name\":\"Statuut - naszlas.org\",\"isPartOf\":{\"@id\":\"https:\/\/naszlas.org\/nl\/#website\"},\"datePublished\":\"2023-06-13T11:54:30+00:00\",\"dateModified\":\"2023-06-27T09:06:23+00:00\",\"breadcrumb\":{\"@id\":\"https:\/\/naszlas.org\/nl\/statuut\/#breadcrumb\"},\"inLanguage\":\"nl-NL\",\"potentialAction\":[{\"@type\":\"ReadAction\",\"target\":[\"https:\/\/naszlas.org\/nl\/statuut\/\"]}]},{\"@type\":\"BreadcrumbList\",\"@id\":\"https:\/\/naszlas.org\/nl\/statuut\/#breadcrumb\",\"itemListElement\":[{\"@type\":\"ListItem\",\"position\":1,\"name\":\"Home\",\"item\":\"https:\/\/naszlas.org\/nl\/\"},{\"@type\":\"ListItem\",\"position\":2,\"name\":\"Statuut\"}]},{\"@type\":\"WebSite\",\"@id\":\"https:\/\/naszlas.org\/nl\/#website\",\"url\":\"https:\/\/naszlas.org\/nl\/\",\"name\":\"naszlas.org\",\"description\":\"\",\"publisher\":{\"@id\":\"https:\/\/naszlas.org\/nl\/#organization\"},\"potentialAction\":[{\"@type\":\"SearchAction\",\"target\":{\"@type\":\"EntryPoint\",\"urlTemplate\":\"https:\/\/naszlas.org\/nl\/?s={search_term_string}\"},\"query-input\":\"required name=search_term_string\"}],\"inLanguage\":\"nl-NL\"},{\"@type\":\"Organization\",\"@id\":\"https:\/\/naszlas.org\/nl\/#organization\",\"name\":\"naszlas.org\",\"url\":\"https:\/\/naszlas.org\/nl\/\",\"logo\":{\"@type\":\"ImageObject\",\"inLanguage\":\"nl-NL\",\"@id\":\"https:\/\/naszlas.org\/nl\/#\/schema\/logo\/image\/\",\"url\":\"https:\/\/naszlas.org\/wp-content\/uploads\/2023\/02\/logo.png\",\"contentUrl\":\"https:\/\/naszlas.org\/wp-content\/uploads\/2023\/02\/logo.png\",\"width\":77,\"height\":76,\"caption\":\"naszlas.org\"},\"image\":{\"@id\":\"https:\/\/naszlas.org\/nl\/#\/schema\/logo\/image\/\"}}]}<\/script>\n<!-- \/ Yoast SEO plugin. -->","yoast_head_json":{"title":"Statuut - naszlas.org","robots":{"index":"index","follow":"follow","max-snippet":"max-snippet:-1","max-image-preview":"max-image-preview:large","max-video-preview":"max-video-preview:-1"},"canonical":"https:\/\/naszlas.org\/nl\/statuut\/","og_locale":"nl_NL","og_type":"article","og_title":"Statuut - naszlas.org","og_description":"Statut Fundacji Nasz Las tekst jednolity z dnia 22 kwietnia 2022 r. Postanowienia og\u00f3lne Maj\u0105tek i dochody Organy Fundacji Zmiana statutu i likwidacja Fundacji","og_url":"https:\/\/naszlas.org\/nl\/statuut\/","og_site_name":"naszlas.org","article_modified_time":"2023-06-27T09:06:23+00:00","twitter_card":"summary_large_image","twitter_misc":{"Geschatte leestijd":"6 minuten"},"schema":{"@context":"https:\/\/schema.org","@graph":[{"@type":"WebPage","@id":"https:\/\/naszlas.org\/nl\/statuut\/","url":"https:\/\/naszlas.org\/nl\/statuut\/","name":"Statuut - naszlas.org","isPartOf":{"@id":"https:\/\/naszlas.org\/nl\/#website"},"datePublished":"2023-06-13T11:54:30+00:00","dateModified":"2023-06-27T09:06:23+00:00","breadcrumb":{"@id":"https:\/\/naszlas.org\/nl\/statuut\/#breadcrumb"},"inLanguage":"nl-NL","potentialAction":[{"@type":"ReadAction","target":["https:\/\/naszlas.org\/nl\/statuut\/"]}]},{"@type":"BreadcrumbList","@id":"https:\/\/naszlas.org\/nl\/statuut\/#breadcrumb","itemListElement":[{"@type":"ListItem","position":1,"name":"Home","item":"https:\/\/naszlas.org\/nl\/"},{"@type":"ListItem","position":2,"name":"Statuut"}]},{"@type":"WebSite","@id":"https:\/\/naszlas.org\/nl\/#website","url":"https:\/\/naszlas.org\/nl\/","name":"naszlas.org","description":"","publisher":{"@id":"https:\/\/naszlas.org\/nl\/#organization"},"potentialAction":[{"@type":"SearchAction","target":{"@type":"EntryPoint","urlTemplate":"https:\/\/naszlas.org\/nl\/?s={search_term_string}"},"query-input":"required name=search_term_string"}],"inLanguage":"nl-NL"},{"@type":"Organization","@id":"https:\/\/naszlas.org\/nl\/#organization","name":"naszlas.org","url":"https:\/\/naszlas.org\/nl\/","logo":{"@type":"ImageObject","inLanguage":"nl-NL","@id":"https:\/\/naszlas.org\/nl\/#\/schema\/logo\/image\/","url":"https:\/\/naszlas.org\/wp-content\/uploads\/2023\/02\/logo.png","contentUrl":"https:\/\/naszlas.org\/wp-content\/uploads\/2023\/02\/logo.png","width":77,"height":76,"caption":"naszlas.org"},"image":{"@id":"https:\/\/naszlas.org\/nl\/#\/schema\/logo\/image\/"}}]}},"taxonomy_info":[],"featured_image_src_large":false,"author_info":{"display_name":"gootek","author_link":"https:\/\/naszlas.org\/nl\/author\/gootek\/"},"comment_info":0,"_links":{"self":[{"href":"https:\/\/naszlas.org\/nl\/wp-json\/wp\/v2\/pages\/1051","targetHints":{"allow":["GET"]}}],"collection":[{"href":"https:\/\/naszlas.org\/nl\/wp-json\/wp\/v2\/pages"}],"about":[{"href":"https:\/\/naszlas.org\/nl\/wp-json\/wp\/v2\/types\/page"}],"author":[{"embeddable":true,"href":"https:\/\/naszlas.org\/nl\/wp-json\/wp\/v2\/users\/1"}],"replies":[{"embeddable":true,"href":"https:\/\/naszlas.org\/nl\/wp-json\/wp\/v2\/comments?post=1051"}],"version-history":[{"count":1,"href":"https:\/\/naszlas.org\/nl\/wp-json\/wp\/v2\/pages\/1051\/revisions"}],"predecessor-version":[{"id":1129,"href":"https:\/\/naszlas.org\/nl\/wp-json\/wp\/v2\/pages\/1051\/revisions\/1129"}],"wp:attachment":[{"href":"https:\/\/naszlas.org\/nl\/wp-json\/wp\/v2\/media?parent=1051"}],"curies":[{"name":"wp","href":"https:\/\/api.w.org\/{rel}","templated":true}]}}